{"id":1290,"date":"2022-06-24T08:12:19","date_gmt":"2022-06-24T08:12:19","guid":{"rendered":"https:\/\/freiebaptistenkw.de\/?page_id=1290"},"modified":"2025-08-28T09:58:55","modified_gmt":"2025-08-28T09:58:55","slug":"anmeldung-zum-bibelstudium","status":"publish","type":"page","link":"https:\/\/freiebaptistenkw.de\/index.php\/anmeldung-zum-bibelstudium\/","title":{"rendered":"Anmeldung zum Bibelstudium"},"content":{"rendered":"<h3>M\u00f6chten Sie mehr \u00fcber den Glauben erfahren und sich gemeinsam mit anderen vertiefen?<\/h3>\n<p>Die Freie Baptistengemeinde bietet sowohl Hauskreise als auch pers\u00f6nliche Bibelstudien an, die individuell auf Ihre Bed\u00fcrfnisse abgestimmt sind. Die Hauskreise erm\u00f6glichen gemeinsames Lernen in kleinen Gruppen, w\u00e4hrend die pers\u00f6nlichen Studien gezielt auf Ihre Interessen abgestimmt werden.<\/p>\n<p>Unsere Bibelstudien finden unter der Woche statt \u2013 Details dazu finden Sie auf den Seiten <a href=\"https:\/\/freiebaptistenkw.de\/index.php\/veranstaltungen\/\" rel=\"noopener\">Veranstaltungen<\/a> oder <a href=\"https:\/\/calendar.google.com\/calendar\/embed?src=dq8bqfrocsrdsoq0tup2t9j7m4%40group.calendar.google.com&amp;ctz=Europe%2FBerlin&amp;mode=AGENDA\" rel=\"noopener\">Termine<\/a>.<\/p>\n<p>Wenn Sie uns zun\u00e4chst besser kennenlernen m\u00f6chten, sind Sie herzlich eingeladen, unsere Gottesdienste im <a href=\"https:\/\/freiebaptistenkw.de\/index.php\/gottesdienste-online\/\">Livestream<\/a> anzusehen. So k\u00f6nnen Sie sich ganz unverbindlich einen Eindruck verschaffen.<\/p>\n<h3>Jetzt Anmelden<\/h3>\n<form id=\"anmeldung-form\" action=\"\/wp-admin\/admin-post.php\" method=\"POST\"><input name=\"action\" type=\"hidden\" value=\"send_anmeldung_form\" \/><label for=\"name\">Vor- und Nachname *<\/label><br \/>\n<input id=\"name\" name=\"name\" required=\"\" type=\"text\" \/><label for=\"contact\">Kontaktinformation (E-Mail, Telefonnummer oder anderes) *<\/label><br \/>\n<input id=\"contact\" name=\"contact\" required=\"\" type=\"text\" \/><label for=\"message\">Ihre Nachricht oder Fragen (optional)<\/label><br \/>\n<textarea id=\"message\" name=\"message\" rows=\"4\"><\/textarea><!-- Honeypot to catch bots --><br \/>\n<input style=\"display: none;\" name=\"website\" type=\"text\" \/><\/p>\n<p><button type=\"submit\">Absenden<\/button><\/p>\n<\/form>\n<p><!-- Success Message (Initially Hidden) --><\/p>\n<div id=\"success-message\" style=\"display: none; margin-top: 10px; color: green;\"><strong>Vielen Dank! Ihre Anmeldung wurde erfolgreich gesendet.<\/strong><\/div>\n<p><script>\n  \/\/ Show success message if URL contains ?success=1\n  if (window.location.search.includes('success=1')) {\n    document.getElementById('success-message').style.display = 'block';\n  }\n<\/script><\/p>\n","protected":false},"excerpt":{"rendered":"<p>M\u00f6chten Sie mehr \u00fcber den Glauben erfahren und sich gemeinsam mit anderen vertiefen? Die Freie Baptistengemeinde bietet sowohl Hauskreise als auch pers\u00f6nliche Bibelstudien an, die individuell auf Ihre Bed\u00fcrfnisse abgestimmt sind. Die Hauskreise erm\u00f6glichen gemeinsames Lernen in kleinen Gruppen, w\u00e4hrend die pers\u00f6nlichen Studien gezielt auf Ihre Interessen abgestimmt werden. Unsere Bibelstudien finden unter der Woche &hellip; <\/p>\n<p class=\"link-more\"><a href=\"https:\/\/freiebaptistenkw.de\/index.php\/anmeldung-zum-bibelstudium\/\" class=\"more-link\"><span class=\"screen-reader-text\">\u201eAnmeldung zum Bibelstudium\u201c <\/span>weiterlesen<\/a><\/p>\n","protected":false},"author":1,"featured_media":0,"parent":0,"menu_order":0,"comment_status":"closed","ping_status":"closed","template":"","meta":{"footnotes":""},"class_list":["post-1290","page","type-page","status-publish","hentry"],"jetpack_sharing_enabled":true,"_links":{"self":[{"href":"https:\/\/freiebaptistenkw.de\/index.php\/wp-json\/wp\/v2\/pages\/1290","targetHints":{"allow":["GET"]}}],"collection":[{"href":"https:\/\/freiebaptistenkw.de\/index.php\/wp-json\/wp\/v2\/pages"}],"about":[{"href":"https:\/\/freiebaptistenkw.de\/index.php\/wp-json\/wp\/v2\/types\/page"}],"author":[{"embeddable":true,"href":"https:\/\/freiebaptistenkw.de\/index.php\/wp-json\/wp\/v2\/users\/1"}],"replies":[{"embeddable":true,"href":"https:\/\/freiebaptistenkw.de\/index.php\/wp-json\/wp\/v2\/comments?post=1290"}],"version-history":[{"count":32,"href":"https:\/\/freiebaptistenkw.de\/index.php\/wp-json\/wp\/v2\/pages\/1290\/revisions"}],"predecessor-version":[{"id":2284,"href":"https:\/\/freiebaptistenkw.de\/index.php\/wp-json\/wp\/v2\/pages\/1290\/revisions\/2284"}],"wp:attachment":[{"href":"https:\/\/freiebaptistenkw.de\/index.php\/wp-json\/wp\/v2\/media?parent=1290"}],"curies":[{"name":"wp","href":"https:\/\/api.w.org\/{rel}","templated":true}]}}