{"id":2031,"date":"2025-04-14T21:44:19","date_gmt":"2025-04-14T21:44:19","guid":{"rendered":"https:\/\/freiebaptistenkw.de\/?page_id=2031"},"modified":"2025-11-09T06:46:58","modified_gmt":"2025-11-09T06:46:58","slug":"neu-hier","status":"publish","type":"page","link":"https:\/\/freiebaptistenkw.de\/index.php\/neu-hier\/","title":{"rendered":"Neu hier?"},"content":{"rendered":"<h3 data-start=\"306\" data-end=\"349\">Neu hier? Herzlich willkommen!<\/h3>\n<p class=\"\" data-start=\"351\" data-end=\"600\">Es freut uns sehr, dass Sie den Weg auf unsere Website gefunden haben \u2013 und vielleicht \u00fcberlegen, unsere Gemeinde einmal pers\u00f6nlich kennenzulernen.<br data-start=\"498\" data-end=\"501\" \/>Hier m\u00f6chten wir Ihnen helfen, sich besser zurechtzufinden und zu wissen, was Sie bei uns erwartet.<\/p>\n<h3>Was uns wichtig ist<\/h3>\n<p class=\"\" data-start=\"640\" data-end=\"924\">In unserer Gemeinde steht Jesus Christus im Mittelpunkt. Wir m\u00f6chten Menschen helfen, im Glauben zu wachsen, echte Gemeinschaft zu erleben und Gottes Wort besser zu verstehen.<br data-start=\"819\" data-end=\"822\" \/>Unsere Gottesdienste sind offen, bibeltreu und gepr\u00e4gt von Herzlichkeit und gegenseitiger Achtung.<\/p>\n<h3>Wann und wo treffen wir uns?<\/h3>\n<p class=\"\" data-start=\"973\" data-end=\"1340\">Gottesdienst:<br data-start=\"993\" data-end=\"996\" \/>Jeden Sonntag um 11:00 Uhr in der Gemeinde<\/p>\n<p data-start=\"105\" data-end=\"121\">Gebetsstunde:<br \/>\nJeden Mittwoch um 19:00 Uhr in der Gemeinde<\/p>\n<p class=\"\" data-start=\"973\" data-end=\"1340\">Adresse &amp; Anreise:<br \/>\nFriedrich-Engels-Stra\u00dfe 4, 15711 K\u00f6nigs Wusterhausen<br \/>\nUnsere Gemeinder\u00e4ume befinden sich im Souterrain eines Mischgeb\u00e4udes mit Wohnungen und B\u00fcros.<\/p>\n<p class=\"\" data-start=\"973\" data-end=\"1340\">Am besten erreichen Sie uns \u00fcber den Hintereingang. Gehen Sie eine kurze Treppe hinunter und biegen Sie rechts ab, um direkt zum Gemeindeeingang zu gelangen.<\/p>\n<p>Parkpl\u00e4tze stehen am Wochenende kostenlos zur Verf\u00fcgung.<br data-start=\"524\" data-end=\"527\" \/>Bitte beachten Sie: Unter der Woche kann das Parken geb\u00fchrenpflichtig sein.<\/p>\n<p data-start=\"973\" data-end=\"1340\">Auch als Livestream verf\u00fcgbar \u2013 <a href=\"https:\/\/freiebaptistenkw.de\/index.php\/gottesdienste-online\/\" target=\"_new\" rel=\"noopener\" data-start=\"1137\" data-end=\"1202\">hier ansehen<\/a><\/p>\n<p data-start=\"973\" data-end=\"1340\">Nach dem Gottesdienst laden wir herzlich zu einer Tasse Kaffee, Tee und Geb\u00e4ck ein \u2013 lernen Sie uns in entspannter Atmosph\u00e4re kennen!<\/p>\n<p class=\"\" data-start=\"1342\" data-end=\"1599\">Weitere Veranstaltungen wie Kindergottesdienst, KidsKlub, Jugendtreff, Hauskreise usw. finden Sie auf unserer <a href=\"https:\/\/freiebaptistenkw.de\/index.php\/veranstaltungen\/\">Veranstaltungen-Seite<\/a> oder im <a href=\"https:\/\/calendar.google.com\/calendar\/embed?src=dq8bqfrocsrdsoq0tup2t9j7m4%40group.calendar.google.com&amp;ctz=Europe%2FBerlin&amp;mode=AGENDA\">Termine-Seite<\/a>.<\/p>\n<h3 class=\"\" data-start=\"1606\" data-end=\"1630\">H\u00e4ufige Fragen<\/h3>\n<p class=\"\" data-start=\"1632\" data-end=\"1735\">Muss ich mich anmelden, um zu kommen?<br data-start=\"1673\" data-end=\"1676\" \/>Nein \u2013 jeder ist herzlich willkommen! Einfach vorbeikommen.<\/p>\n<p class=\"\" data-start=\"1842\" data-end=\"1982\">Werden Kinder betreut?<br data-start=\"1868\" data-end=\"1871\" \/>Ja \u2013 Kinder sind willkommen! W\u00e4hrend des Gottesdienstes gibt es einen Kindergottesdienst f\u00fcr alle bis 12 Jahre.<\/p>\n<h3 class=\"\" data-start=\"2095\" data-end=\"2129\">Wir freuen uns auf Sie!<\/h3>\n<p class=\"\" data-start=\"2131\" data-end=\"2309\">Wenn Sie Fragen haben oder sich ein pers\u00f6nliches Gespr\u00e4ch w\u00fcnschen, nehmen Sie gerne Kontakt mit uns auf:<br data-start=\"2236\" data-end=\"2239\" \/><a href=\"mailto:info@freiebaptistenkw.de\" rel=\"noopener\" data-start=\"2244\" data-end=\"2307\">info@freiebaptistenkw.de<\/a><\/p>\n<p class=\"\" data-start=\"2311\" data-end=\"2488\">Schauen Sie doch einfach mal vorbei \u2013 wir w\u00fcrden uns freuen, Sie kennenzulernen!<\/p>\n<p class=\"\" style=\"padding-left: 40px;\" data-start=\"2311\" data-end=\"2488\">Darum nehmt einander an, gleichwie auch Christus uns angenommen hat, zur Ehre Gottes! \u2013 R\u00f6mer 15,7<\/p>\n","protected":false},"excerpt":{"rendered":"<p>Neu hier? Herzlich willkommen! Es freut uns sehr, dass Sie den Weg auf unsere Website gefunden haben \u2013 und vielleicht \u00fcberlegen, unsere Gemeinde einmal pers\u00f6nlich kennenzulernen.Hier m\u00f6chten wir Ihnen helfen, sich besser zurechtzufinden und zu wissen, was Sie bei uns erwartet. Was uns wichtig ist In unserer Gemeinde steht Jesus Christus im Mittelpunkt. Wir m\u00f6chten &hellip; <\/p>\n<p class=\"link-more\"><a href=\"https:\/\/freiebaptistenkw.de\/index.php\/neu-hier\/\" class=\"more-link\"><span class=\"screen-reader-text\">\u201eNeu hier?\u201c <\/span>weiterlesen<\/a><\/p>\n","protected":false},"author":1,"featured_media":0,"parent":0,"menu_order":0,"comment_status":"closed","ping_status":"closed","template":"","meta":{"footnotes":""},"class_list":["post-2031","page","type-page","status-publish","hentry"],"jetpack_sharing_enabled":true,"_links":{"self":[{"href":"https:\/\/freiebaptistenkw.de\/index.php\/wp-json\/wp\/v2\/pages\/2031","targetHints":{"allow":["GET"]}}],"collection":[{"href":"https:\/\/freiebaptistenkw.de\/index.php\/wp-json\/wp\/v2\/pages"}],"about":[{"href":"https:\/\/freiebaptistenkw.de\/index.php\/wp-json\/wp\/v2\/types\/page"}],"author":[{"embeddable":true,"href":"https:\/\/freiebaptistenkw.de\/index.php\/wp-json\/wp\/v2\/users\/1"}],"replies":[{"embeddable":true,"href":"https:\/\/freiebaptistenkw.de\/index.php\/wp-json\/wp\/v2\/comments?post=2031"}],"version-history":[{"count":9,"href":"https:\/\/freiebaptistenkw.de\/index.php\/wp-json\/wp\/v2\/pages\/2031\/revisions"}],"predecessor-version":[{"id":2335,"href":"https:\/\/freiebaptistenkw.de\/index.php\/wp-json\/wp\/v2\/pages\/2031\/revisions\/2335"}],"wp:attachment":[{"href":"https:\/\/freiebaptistenkw.de\/index.php\/wp-json\/wp\/v2\/media?parent=2031"}],"curies":[{"name":"wp","href":"https:\/\/api.w.org\/{rel}","templated":true}]}}