{"id":2053,"date":"2025-04-16T15:27:58","date_gmt":"2025-04-16T15:27:58","guid":{"rendered":"https:\/\/freiebaptistenkw.de\/?page_id=2053"},"modified":"2025-05-02T15:45:12","modified_gmt":"2025-05-02T15:45:12","slug":"zum-nachdenken","status":"publish","type":"page","link":"https:\/\/freiebaptistenkw.de\/index.php\/zum-nachdenken\/","title":{"rendered":"zum Nachdenken"},"content":{"rendered":"<h2>Willkommen auf der Seite \u201eZum Nachdenken\u201c<\/h2>\n<p>Sie sind hier gelandet \u2013 vielleicht durch einen unserer Trakte, eine Google-Anzeige oder direkt \u00fcber unsere Startseite. Etwas hat Ihr Interesse geweckt, und nun m\u00f6chten Sie mehr erfahren. Wir freuen uns, dass Sie hier sind!<\/p>\n<p>Zum Nachdenken ist eine Sammlung von Artikeln, die zum Nachdenken \u00fcber grundlegende Fragen des Lebens, der Herkunft und des Glaubens anregen sollen.<\/p>\n<p class=\"\" data-start=\"462\" data-end=\"613\">Die Beitr\u00e4ge laden Menschen ein, die sich mit verschiedenen Weltanschauungen besch\u00e4ftigen \u2013 ob sie nun glauben, zweifeln oder einfach neugierig sind.<\/p>\n<p class=\"\" data-start=\"620\" data-end=\"722\">Unser Ziel ist es, respektvolle Impulse zu geben, die zu ehrlichem Nachdenken und Dialog anregen.<\/p>\n<style>.wp-show-posts-columns#wpsp-2058 {margin-left: -2em; }.wp-show-posts-columns#wpsp-2058 .wp-show-posts-inner {margin: 0 0 2em 2em; }<\/style><section id=\"wpsp-2058\" class=\" wp-show-posts-columns wp-show-posts\" style=\"\"><article class=\" wp-show-posts-single post-2177 post type-post status-publish format-standard hentry category-zum-nachdenken wpsp-col-6\" itemtype=\"http:\/\/schema.org\/CreativeWork\" itemscope><div class=\"wp-show-posts-inner\" style=\"\">\t\t\t\t\t\t<header class=\"wp-show-posts-entry-header\">\n\t\t\t\t\t\t\t<h2 class=\"wp-show-posts-entry-title\" itemprop=\"headline\"><a href=\"https:\/\/freiebaptistenkw.de\/index.php\/2025\/05\/03\/2177\/\" rel=\"bookmark\">Wissenschaft im Einklang mit der Bibel:<\/a><\/h2><div class=\"wp-show-posts-entry-meta wp-show-posts-entry-meta-below-title post-meta-inline\"><span class=\"wp-show-posts-posted-on wp-show-posts-meta\">\n\t\t\t\t\t<a href=\"https:\/\/freiebaptistenkw.de\/index.php\/2025\/05\/03\/2177\/\" title=\"8:50 p.m.\" rel=\"bookmark\"><time class=\"wp-show-posts-entry-date published\" datetime=\"2025-05-03T20:50:31+00:00\" itemprop=\"datePublished\">Mai 3, 2025<\/time><time class=\"wp-show-posts-updated\" datetime=\"2025-05-03T20:58:44+00:00\" itemprop=\"dateModified\">Mai 3, 2025<\/time><\/a>\n\t\t\t\t<\/span><\/div>\t\t\t\t\t\t<\/header><!-- .entry-header -->\n\t\t\t\t\t\t\t\t\t\t\t<div class=\"wp-show-posts-entry-summary\" itemprop=\"text\">\n\t\t\t\t\t\t\t<p>7 Biblische Aussagen, die die moderne Wissenschaft best\u00e4tigt Die Bibel ist kein naturwissenschaftliches Lehrbuch \u2013 aber immer wieder staunen selbst Forscher, wie genau manche ihrer Aussagen mit heutigen wissenschaftlichen Erkenntnissen&#8230;<\/p>\n\t\t\t\t\t\t<\/div><!-- .entry-summary -->\n\t\t\t\t\t<\/div><!-- wp-show-posts-inner --><\/article><article class=\" wp-show-posts-single post-2138 post type-post status-publish format-standard hentry category-zum-nachdenken wpsp-col-6\" itemtype=\"http:\/\/schema.org\/CreativeWork\" itemscope><div class=\"wp-show-posts-inner\" style=\"\">\t\t\t\t\t\t<header class=\"wp-show-posts-entry-header\">\n\t\t\t\t\t\t\t<h2 class=\"wp-show-posts-entry-title\" itemprop=\"headline\"><a href=\"https:\/\/freiebaptistenkw.de\/index.php\/2025\/05\/02\/was-ist-wissenschaft-und-was-nicht\/\" rel=\"bookmark\">Was ist Wissenschaft \u2013 und was nicht?<\/a><\/h2><div class=\"wp-show-posts-entry-meta wp-show-posts-entry-meta-below-title post-meta-inline\"><span class=\"wp-show-posts-posted-on wp-show-posts-meta\">\n\t\t\t\t\t<a href=\"https:\/\/freiebaptistenkw.de\/index.php\/2025\/05\/02\/was-ist-wissenschaft-und-was-nicht\/\" title=\"1:02 p.m.\" rel=\"bookmark\"><time class=\"wp-show-posts-entry-date published\" datetime=\"2025-05-02T13:02:20+00:00\" itemprop=\"datePublished\">Mai 2, 2025<\/time><time class=\"wp-show-posts-updated\" datetime=\"2025-05-03T20:51:49+00:00\" itemprop=\"dateModified\">Mai 3, 2025<\/time><\/a>\n\t\t\t\t<\/span><\/div>\t\t\t\t\t\t<\/header><!-- .entry-header -->\n\t\t\t\t\t\t\t\t\t\t\t<div class=\"wp-show-posts-entry-summary\" itemprop=\"text\">\n\t\t\t\t\t\t\t<p>Die entscheidende Unterscheidung, die fast niemand trifft Das Wort \u201eWissenschaft\u201c genie\u00dft hohes Ansehen. Wer heute etwas \u201ewissenschaftlich\u201c nennt, gilt als glaubw\u00fcrdig. Doch kaum jemand fragt: Was meinen wir eigentlich mit&#8230;<\/p>\n\t\t\t\t\t\t<\/div><!-- .entry-summary -->\n\t\t\t\t\t<\/div><!-- wp-show-posts-inner --><\/article><article class=\" wp-show-posts-single post-1995 post type-post status-publish format-standard hentry category-zum-nachdenken wpsp-col-6\" itemtype=\"http:\/\/schema.org\/CreativeWork\" itemscope><div class=\"wp-show-posts-inner\" style=\"\">\t\t\t\t\t\t<header class=\"wp-show-posts-entry-header\">\n\t\t\t\t\t\t\t<h2 class=\"wp-show-posts-entry-title\" itemprop=\"headline\"><a href=\"https:\/\/freiebaptistenkw.de\/index.php\/2025\/04\/08\/es-geht-nicht-darum-ob-es-beweise-fuer-gott-gibt-sondern-darum-ob-man-bereit-ist-sie-ueberhaupt-zu-sehen\/\" rel=\"bookmark\">Wenn die Wissenschaft nicht weiter wei\u00df&#8230;<\/a><\/h2><div class=\"wp-show-posts-entry-meta wp-show-posts-entry-meta-below-title post-meta-inline\"><span class=\"wp-show-posts-posted-on wp-show-posts-meta\">\n\t\t\t\t\t<a href=\"https:\/\/freiebaptistenkw.de\/index.php\/2025\/04\/08\/es-geht-nicht-darum-ob-es-beweise-fuer-gott-gibt-sondern-darum-ob-man-bereit-ist-sie-ueberhaupt-zu-sehen\/\" title=\"10:31 p.m.\" rel=\"bookmark\"><time class=\"wp-show-posts-entry-date published\" datetime=\"2025-04-08T22:31:39+00:00\" itemprop=\"datePublished\">April 8, 2025<\/time><time class=\"wp-show-posts-updated\" datetime=\"2025-04-16T09:50:00+00:00\" itemprop=\"dateModified\">April 16, 2025<\/time><\/a>\n\t\t\t\t<\/span><\/div>\t\t\t\t\t\t<\/header><!-- .entry-header -->\n\t\t\t\t\t\t\t\t\t\t\t<div class=\"wp-show-posts-entry-summary\" itemprop=\"text\">\n\t\t\t\t\t\t\t<p>Was, wenn Wahrheit\u00a0nicht ins System passt? Warum scheinen viele moderne Wissenschaftler echte, beobachtbare, logische Wissenschaft zu ignorieren, wenn es um Themen wie Evolution, Ursprung des Lebens, oder sogar Sch\u00f6pfung geht?&#8230;<\/p>\n\t\t\t\t\t\t<\/div><!-- .entry-summary -->\n\t\t\t\t\t<\/div><!-- wp-show-posts-inner --><\/article><article class=\" wp-show-posts-single post-1966 post type-post status-publish format-standard hentry category-jesaja category-zum-nachdenken wpsp-col-6\" itemtype=\"http:\/\/schema.org\/CreativeWork\" itemscope><div class=\"wp-show-posts-inner\" style=\"\">\t\t\t\t\t\t<header class=\"wp-show-posts-entry-header\">\n\t\t\t\t\t\t\t<h2 class=\"wp-show-posts-entry-title\" itemprop=\"headline\"><a href=\"https:\/\/freiebaptistenkw.de\/index.php\/2025\/03\/09\/wer-ist-unser-gott\/\" rel=\"bookmark\">Wer ist unser Gott?<\/a><\/h2><div class=\"wp-show-posts-entry-meta wp-show-posts-entry-meta-below-title post-meta-inline\"><span class=\"wp-show-posts-posted-on wp-show-posts-meta\">\n\t\t\t\t\t<a href=\"https:\/\/freiebaptistenkw.de\/index.php\/2025\/03\/09\/wer-ist-unser-gott\/\" title=\"7:09 a.m.\" rel=\"bookmark\"><time class=\"wp-show-posts-entry-date published\" datetime=\"2025-03-09T07:09:53+00:00\" itemprop=\"datePublished\">M\u00e4rz 9, 2025<\/time><time class=\"wp-show-posts-updated\" datetime=\"2025-04-16T17:36:08+00:00\" itemprop=\"dateModified\">April 16, 2025<\/time><\/a>\n\t\t\t\t<\/span><\/div>\t\t\t\t\t\t<\/header><!-- .entry-header -->\n\t\t\t\t\t\t\t\t\t\t\t<div class=\"wp-show-posts-entry-summary\" itemprop=\"text\">\n\t\t\t\t\t\t\t<p>In Jesaja 48,12-16 lesen wir, wie Gott sich selbst vorstellt. Er offenbart seine Eigenschaften im Hinblick auf seinen ewigen Ratschluss, indem er seine Souver\u00e4nit\u00e4t, Macht, Weisheit und seinen Heilsplan aufzeigt.<\/p>\n\t\t\t\t\t\t<\/div><!-- .entry-summary -->\n\t\t\t\t\t<\/div><!-- wp-show-posts-inner --><\/article><div class=\"wpsp-clear\"><\/div><\/section><!-- .wp-show-posts -->\n<h3>Vielen Dank, dass Sie unsere Seite besucht haben!<\/h3>\n<p>Wir hoffen, dass die Beitr\u00e4ge Sie zum Nachdenken angeregt haben. Wenn Sie Fragen haben oder mehr \u00fcber ein Thema erfahren m\u00f6chten, z\u00f6gern Sie nicht, <a href=\"https:\/\/freiebaptistenkw.de\/index.php\/kontakt-aufnehmen-oder-fragen-stellen\/\">Kontakt aufzunehmen oder Fragen zu stellen<\/a>.<\/p>\n<h3>Hier finden Sie eine vollst\u00e4ndige, alphabetische Liste <a href=\"https:\/\/freiebaptistenkw.de\/index.php\/alle-beitraege-zum-nachdenken\/\">alle Beitr\u00e4ge zum Nachdenken<\/a><\/h3>\n<p>&nbsp;<\/p>\n","protected":false},"excerpt":{"rendered":"<p>Willkommen auf der Seite \u201eZum Nachdenken\u201c Sie sind hier gelandet \u2013 vielleicht durch einen unserer Trakte, eine Google-Anzeige oder direkt \u00fcber unsere Startseite. Etwas hat Ihr Interesse geweckt, und nun m\u00f6chten Sie mehr erfahren. Wir freuen uns, dass Sie hier sind! Zum Nachdenken ist eine Sammlung von Artikeln, die zum Nachdenken \u00fcber grundlegende Fragen des &hellip; <\/p>\n<p class=\"link-more\"><a href=\"https:\/\/freiebaptistenkw.de\/index.php\/2025\/03\/09\/wer-ist-unser-gott\/\" class=\"more-link\"><span class=\"screen-reader-text\">\u201eWer ist unser Gott?\u201c <\/span>weiterlesen<\/a><\/p>\n","protected":false},"author":1,"featured_media":0,"parent":0,"menu_order":0,"comment_status":"closed","ping_status":"closed","template":"","meta":{"footnotes":""},"class_list":["post-2053","page","type-page","status-publish","hentry"],"jetpack_sharing_enabled":true,"_links":{"self":[{"href":"https:\/\/freiebaptistenkw.de\/index.php\/wp-json\/wp\/v2\/pages\/2053","targetHints":{"allow":["GET"]}}],"collection":[{"href":"https:\/\/freiebaptistenkw.de\/index.php\/wp-json\/wp\/v2\/pages"}],"about":[{"href":"https:\/\/freiebaptistenkw.de\/index.php\/wp-json\/wp\/v2\/types\/page"}],"author":[{"embeddable":true,"href":"https:\/\/freiebaptistenkw.de\/index.php\/wp-json\/wp\/v2\/users\/1"}],"replies":[{"embeddable":true,"href":"https:\/\/freiebaptistenkw.de\/index.php\/wp-json\/wp\/v2\/comments?post=2053"}],"version-history":[{"count":7,"href":"https:\/\/freiebaptistenkw.de\/index.php\/wp-json\/wp\/v2\/pages\/2053\/revisions"}],"predecessor-version":[{"id":2160,"href":"https:\/\/freiebaptistenkw.de\/index.php\/wp-json\/wp\/v2\/pages\/2053\/revisions\/2160"}],"wp:attachment":[{"href":"https:\/\/freiebaptistenkw.de\/index.php\/wp-json\/wp\/v2\/media?parent=2053"}],"curies":[{"name":"wp","href":"https:\/\/api.w.org\/{rel}","templated":true}]}}