{"id":2075,"date":"2025-04-17T14:28:17","date_gmt":"2025-04-17T14:28:17","guid":{"rendered":"https:\/\/freiebaptistenkw.de\/?page_id=2075"},"modified":"2025-05-02T16:10:59","modified_gmt":"2025-05-02T16:10:59","slug":"gottesdienste","status":"publish","type":"page","link":"https:\/\/freiebaptistenkw.de\/index.php\/gottesdienste\/","title":{"rendered":"Gottesdienste"},"content":{"rendered":"<h1>Gottesdienst besuchen \u2013 Herzlich willkommen!<\/h1>\n<p class=\"\" data-start=\"169\" data-end=\"259\">Sie \u00fcberlegen, einen unserer Gottesdienste pers\u00f6nlich zu besuchen? Wir freuen uns auf Sie!<\/p>\n<p class=\"\" data-start=\"261\" data-end=\"493\">Unsere Gottesdienste sind offen f\u00fcr alle \u2013 ob Sie neu im Glauben sind, einfach mal reinschnuppern m\u00f6chten oder auf der Suche nach einer Gemeinde sind. Jeder ist herzlich eingeladen, vorbeizukommen und sich selbst ein Bild zu machen.<\/p>\n<h2>Wann und wo?<\/h2>\n<p>Unsere Gottesdienste finden jeden Sonntag um 11:00 Uhr statt.<br \/>\nAdresse:<\/p>\n<p style=\"padding-left: 40px;\">Friedrich-Engels-Stra\u00dfe 4, Souterrain recht<br \/>\n15711 K\u00f6nigs Wusterhausen<br \/>\n***Eingang hinten***<\/p>\n<p>Alle aktuellen Termine finden Sie auf unserer Seite <a href=\"https:\/\/freiebaptistenkw.de\/index.php\/veranstaltungen\/\">Veranstaltungen<\/a> oder direkt im <a href=\"https:\/\/calendar.google.com\/calendar\/u\/0\/embed?src=dq8bqfrocsrdsoq0tup2t9j7m4@group.calendar.google.com&amp;ctz=Europe\/Berlin\">Kalender<\/a>.<\/p>\n<h2>Was erwartet mich?<\/h2>\n<p>Ein Gottesdienst bei uns ist gepr\u00e4gt von:<\/p>\n<ul>\n<li style=\"list-style-type: none;\">\n<ul>\n<li>Eine herzliche, famili\u00e4re Atmosph\u00e4re<\/li>\n<li>Verst\u00e4ndliche Predigten auf der Grundlage der Bibel<\/li>\n<li>Gemeinsames Singen und Gebet<\/li>\n<\/ul>\n<\/li>\n<\/ul>\n<p>Im Anschluss laden wir herzlich zur Gemeinschaftszeit bei Kaffee und Kuchen ein \u2013 eine sch\u00f6ne Gelegenheit, ins Gespr\u00e4ch zu kommen und uns kennenzulernen.<\/p>\n<h2>Noch Fragen?<\/h2>\n<p>Dann werfen Sie gern einen Blick auf unsere Seite <a href=\"https:\/\/freiebaptistenkw.de\/index.php\/kontakt-aufnehmen-oder-fragen-stellen\/\">Kontakt aufnehmen oder Fragen stellen<\/a>, oder schreiben Sie uns direkt eine Nachricht.<\/p>\n<hr \/>\n<p><em>Wir freuen uns darauf, Sie kennenzulernen!<\/em><\/p>\n<h1>Unser Gottesdienst \u2013 jetzt auch online erleben<\/h1>\n<p>Du m\u00f6chtest an einem Gottesdienst teilnehmen, kannst aber nicht vor Ort sein? Kein Problem! Wir laden dich herzlich ein, unsere Gottesdienste online mitzuerleben \u2013 ganz bequem von zuhause aus.<\/p>\n<p>Unsere Gottesdienste werden jeden Sonntag um 11:00 Uhr live \u00fcbertragen. Nimm live teil \u00fcber den folgenden Link oder schau dir den Gottesdienst sp\u00e4ter nach Belieben an.<\/p>\n\n                <div class=\"online-gottesdienst-wrapper\">\n                    <a class=\"gottesdienst-button\" href=\"https:\/\/youtube.com\/live\/vltjoUc_FG4?feature=share\" target=\"_blank\">\ud83d\udcfa Zum Livestream vom 12.04.2026<\/a>\n                <\/div>\n            \n<p data-start=\"439\" data-end=\"701\">\n<p class=\"\" data-start=\"439\" data-end=\"701\">Wenn dir unser Gottesdienst gef\u00e4llt, freuen wir uns \u00fcber ein &#8222;Gef\u00e4llt mir&#8220; und ein Abo. Nat\u00fcrlich bist du auch herzlich eingeladen, uns pers\u00f6nlich zu besuchen in der Friedrich-Engels-Stra\u00dfe 4, 15711 K\u00f6nigs Wusterhausen. Wir freuen uns darauf, dich dort zu sehen.<\/p>\n<p data-start=\"439\" data-end=\"701\">Neben unseren Gottesdiensten bieten wir auch ein Bibelstudium an, bei dem wir gemeinsam Gottes Wort besser kennenlernen und im Glauben wachsen m\u00f6chten.<\/p>\n<p data-start=\"439\" data-end=\"701\"><a class=\"\" href=\"https:\/\/freiebaptistenkw.de\/index.php\/anmeldung-zum-bibelstudium\/\" target=\"_new\" rel=\"noopener\" data-start=\"509\" data-end=\"620\">Hier geht\u2019s zur Anmeldung zum Bibelstudium<\/a><\/p>\n","protected":false},"excerpt":{"rendered":"<p>Gottesdienst besuchen \u2013 Herzlich willkommen! Sie \u00fcberlegen, einen unserer Gottesdienste pers\u00f6nlich zu besuchen? Wir freuen uns auf Sie! Unsere Gottesdienste sind offen f\u00fcr alle \u2013 ob Sie neu im Glauben sind, einfach mal reinschnuppern m\u00f6chten oder auf der Suche nach einer Gemeinde sind. Jeder ist herzlich eingeladen, vorbeizukommen und sich selbst ein Bild zu machen. &hellip; <\/p>\n<p class=\"link-more\"><a href=\"https:\/\/freiebaptistenkw.de\/index.php\/gottesdienste\/\" class=\"more-link\"><span class=\"screen-reader-text\">\u201eGottesdienste\u201c <\/span>weiterlesen<\/a><\/p>\n","protected":false},"author":1,"featured_media":0,"parent":0,"menu_order":0,"comment_status":"closed","ping_status":"closed","template":"","meta":{"footnotes":""},"class_list":["post-2075","page","type-page","status-publish","hentry"],"jetpack_sharing_enabled":true,"_links":{"self":[{"href":"https:\/\/freiebaptistenkw.de\/index.php\/wp-json\/wp\/v2\/pages\/2075","targetHints":{"allow":["GET"]}}],"collection":[{"href":"https:\/\/freiebaptistenkw.de\/index.php\/wp-json\/wp\/v2\/pages"}],"about":[{"href":"https:\/\/freiebaptistenkw.de\/index.php\/wp-json\/wp\/v2\/types\/page"}],"author":[{"embeddable":true,"href":"https:\/\/freiebaptistenkw.de\/index.php\/wp-json\/wp\/v2\/users\/1"}],"replies":[{"embeddable":true,"href":"https:\/\/freiebaptistenkw.de\/index.php\/wp-json\/wp\/v2\/comments?post=2075"}],"version-history":[{"count":7,"href":"https:\/\/freiebaptistenkw.de\/index.php\/wp-json\/wp\/v2\/pages\/2075\/revisions"}],"predecessor-version":[{"id":2167,"href":"https:\/\/freiebaptistenkw.de\/index.php\/wp-json\/wp\/v2\/pages\/2075\/revisions\/2167"}],"wp:attachment":[{"href":"https:\/\/freiebaptistenkw.de\/index.php\/wp-json\/wp\/v2\/media?parent=2075"}],"curies":[{"name":"wp","href":"https:\/\/api.w.org\/{rel}","templated":true}]}}