{"id":2089,"date":"2025-04-18T09:13:17","date_gmt":"2025-04-18T09:13:17","guid":{"rendered":"https:\/\/freiebaptistenkw.de\/?page_id=2089"},"modified":"2026-04-12T05:20:41","modified_gmt":"2026-04-12T05:20:41","slug":"veranstaltungen","status":"publish","type":"page","link":"https:\/\/freiebaptistenkw.de\/index.php\/veranstaltungen\/","title":{"rendered":"Veranstaltungen"},"content":{"rendered":"<p class=\"\" data-start=\"291\" data-end=\"310\"><strong data-start=\"291\" data-end=\"310\">Unsere Angebote<\/strong><\/p>\n<p class=\"\" data-start=\"312\" data-end=\"505\">Gemeinde bedeutet f\u00fcr uns Gemeinschaft im Alltag. Neben dem Gottesdienst am Sonntag bieten wir verschiedene Veranstaltungen an, bei denen man sich begegnen, gemeinsam lernen und den Glauben vertiefen kann.<\/p>\n<p class=\"\" data-start=\"312\" data-end=\"505\">Wann die n\u00e4chsten Treffen genau stattfinden, erf\u00e4hrst du immer aktuell auf unserer <a href=\"https:\/\/calendar.google.com\/calendar\/embed?src=dq8bqfrocsrdsoq0tup2t9j7m4%40group.calendar.google.com&amp;ctz=Europe%2FBerlin&amp;mode=AGENDA\">Termine-Seite<\/a>.<\/p>\n<hr class=\"\" data-start=\"507\" data-end=\"510\" \/>\n<p class=\"\" data-start=\"512\" data-end=\"528\"><strong data-start=\"512\" data-end=\"528\">Gottesdienst<\/strong><\/p>\n<p class=\"\" data-start=\"530\" data-end=\"556\">Jeden Sonntag um 11:00 Uhr<\/p>\n<p class=\"\" data-start=\"558\" data-end=\"786\">Wir feiern gemeinsam Gottesdienst mit Lobpreis, Gebet und einer biblischen Predigt. Nach dem offiziellen Teil laden wir herzlich zum Kaffeetrinken mit Tee, Kuchen oder Geb\u00e4ck ein \u2013 ein sch\u00f6ner Moment f\u00fcr Begegnung und Gespr\u00e4che.<\/p>\n<p>Du kannst nicht pers\u00f6nlich dabei sein?<br data-start=\"661\" data-end=\"664\" \/>Unser Gottesdienst wird auch live \u00fcbertragen.<br data-start=\"713\" data-end=\"716\" \/>Hier kannst du den Livestream ansehen:\u00a0 <a href=\"https:\/\/freiebaptistenkw.de\/index.php\/gottesdienste-online\/\" target=\"_new\" rel=\"noopener\" data-start=\"759\" data-end=\"826\">Zur Livestream-Seite<\/a><\/p>\n<p class=\"\" data-start=\"844\" data-end=\"979\">Oder besuche unseren <a href=\"https:\/\/www.youtube.com\/@freiebaptistengemeindekw9452\">YouTube-Kanal,<\/a>\u00a0um vergangene Predigten und weitere Inhalte zu entdecken.<\/p>\n<hr class=\"\" data-start=\"788\" data-end=\"791\" \/>\n<p class=\"\" data-start=\"793\" data-end=\"815\"><strong data-start=\"793\" data-end=\"815\">Kindergottesdienst<\/strong><\/p>\n<p class=\"\" data-start=\"817\" data-end=\"1016\">Kinder bis ca. 12 Jahre nehmen zun\u00e4chst am Anfang des Gottesdienstes teil. Nach der Gebetszeit gehen sie in ihren eigenen Kindergottesdienst, wo eine altersgerechte, biblische Lektion auf sie wartet.<\/p>\n<hr class=\"\" data-start=\"788\" data-end=\"791\" \/>\n<p data-start=\"105\" data-end=\"121\"><strong data-start=\"105\" data-end=\"121\">Gebetsstunde<\/strong><\/p>\n<p data-start=\"123\" data-end=\"166\"><strong>Im Zeitraum vom 15. April bis 4. Juni findet keine Gebetsstunde statt<\/strong><br \/>\nJeden Mittwoch um 19:00 Uhr in der Gemeinde<\/p>\n<p data-start=\"168\" data-end=\"515\">Wir kommen zusammen, um miteinander und f\u00fcreinander zu beten \u2013 f\u00fcr pers\u00f6nliche Anliegen, f\u00fcr unsere Gemeinde und f\u00fcr Menschen in unserem Umfeld.<br data-start=\"312\" data-end=\"315\" \/>In einer ruhigen, herzlichen Atmosph\u00e4re bringen wir Dank und Bitten vor Gott und erleben Gemeinschaft im Gebet.<br data-start=\"426\" data-end=\"429\" \/>Jeder ist herzlich eingeladen, dabei zu sein \u2013 auch wer einfach still mitbeten m\u00f6chte.<\/p>\n<hr class=\"\" data-start=\"788\" data-end=\"791\" \/>\n<p class=\"\" data-start=\"1023\" data-end=\"1035\"><strong data-start=\"1023\" data-end=\"1035\">Kidsklub<\/strong><\/p>\n<p class=\"\" data-start=\"1037\" data-end=\"1145\"><strong>Im Zeitraum vom 15. April bis 4. Juni findet kein KidsKlub statt.<\/strong><br \/>\nDonnerstags von 16:00 bis 17:30 Uhr<br data-start=\"1072\" data-end=\"1075\" \/>Bei Familie Talley, H\u00e4ndelstra\u00dfe 33<br data-start=\"1110\" data-end=\"1113\" \/>(<em data-start=\"1114\" data-end=\"1144\">F\u00e4llt in den Schulferien aus<\/em>)<\/p>\n<p class=\"\" data-start=\"1147\" data-end=\"1309\">Ein fr\u00f6hliches Programm f\u00fcr Kinder mit Singen, einer biblischen Geschichte, Spielen und Snacks (auch gesunde!).<br data-start=\"1258\" data-end=\"1261\" \/>Hier wird gemeinsam gelacht, gelernt und gelebt.<br \/>\nMehr Infos gibt\u2019s auf unserer <a href=\"https:\/\/freiebaptistenkw.de\/index.php\/kidsklub\/\">Kidsklub-Seite<\/a><\/p>\n<hr class=\"\" data-start=\"1311\" data-end=\"1314\" \/>\n<p class=\"\" data-start=\"1316\" data-end=\"1331\"><strong data-start=\"1316\" data-end=\"1331\">Jugendtreff<\/strong><\/p>\n<p class=\"\" data-start=\"1333\" data-end=\"1576\">Unsere Jugend trifft sich einmal im Monat zu Gemeinschaft, Austausch, Spielen und geistlichen Impulsen.<br data-start=\"1436\" data-end=\"1439\" \/>Die Termine sind flexibel und werden im Gottesdienst oder unter Termine ver\u00f6ffentlicht.<\/p>\n<hr class=\"\" data-start=\"1578\" data-end=\"1581\" \/>\n<p class=\"\" data-start=\"328\" data-end=\"343\"><strong data-start=\"328\" data-end=\"343\">Frauenkreis<\/strong><\/p>\n<p class=\"\" data-start=\"345\" data-end=\"566\">Jeden ersten Freitag im Monat um 17:00 Uhr in der Gemeinde<br data-start=\"403\" data-end=\"406\" \/><em data-start=\"406\" data-end=\"566\">(Bitte pr\u00fcfe die aktuellen Termine auf der <a href=\"https:\/\/calendar.google.com\/calendar\/embed?src=dq8bqfrocsrdsoq0tup2t9j7m4%40group.calendar.google.com&amp;ctz=Europe%2FBerlin&amp;mode=AGENDA\">Termine-Seite<\/a>, um sicherzustellen, dass das Treffen stattfindet.)<\/em><\/p>\n<p class=\"\" data-start=\"568\" data-end=\"650\">Ein Treffpunkt f\u00fcr Frauen jeden Alters \u2013 mit Gemeinschaft, Bibelstudium und Gebet.<\/p>\n<hr class=\"\" data-start=\"652\" data-end=\"655\" \/>\n<p class=\"\" data-start=\"657\" data-end=\"672\"><strong data-start=\"657\" data-end=\"672\">M\u00e4nnerkreis<\/strong><\/p>\n<p class=\"\" data-start=\"674\" data-end=\"896\">Jeden vierten Freitag im Monat um 19:00 Uhr in der Gemeinde<br data-start=\"733\" data-end=\"736\" \/><em data-start=\"736\" data-end=\"896\">(Bitte pr\u00fcfe die aktuellen Termine auf der <a href=\"https:\/\/calendar.google.com\/calendar\/embed?src=dq8bqfrocsrdsoq0tup2t9j7m4%40group.calendar.google.com&amp;ctz=Europe%2FBerlin&amp;mode=AGENDA\">Termine-Seite<\/a>, um sicherzustellen, dass das Treffen stattfindet.)<\/em><\/p>\n<p class=\"\" data-start=\"898\" data-end=\"978\">Gemeinschaft unter M\u00e4nnern \u2013 mit offenem Austausch, Bibelstudium und Gebetszeit.<\/p>\n<hr class=\"\" data-start=\"1909\" data-end=\"1912\" \/>\n<p class=\"\" data-start=\"1914\" data-end=\"1943\"><strong data-start=\"1914\" data-end=\"1943\">Hauskreise &amp; Bibelstunden<\/strong><\/p>\n<p class=\"\" data-start=\"1945\" data-end=\"2137\">Kleine Gruppen, die sich regelm\u00e4\u00dfig zum Bibellesen, Austausch und Gebet treffen.<br data-start=\"2025\" data-end=\"2028\" \/>Die aktuellen Termine findest du auf unserer Seite <a href=\"https:\/\/calendar.google.com\/calendar\/embed?src=dq8bqfrocsrdsoq0tup2t9j7m4%40group.calendar.google.com&amp;ctz=Europe%2FBerlin&amp;mode=AGENDA\" target=\"_new\" rel=\"noopener\" data-start=\"2079\" data-end=\"2136\">Termine<\/a>.<\/p>\n<hr class=\"\" data-start=\"2139\" data-end=\"2142\" \/>\n<p class=\"\" data-start=\"2144\" data-end=\"2185\"><strong data-start=\"2144\" data-end=\"2185\">Seelsorge &amp; Pers\u00f6nliches Bibelstudium<\/strong><\/p>\n<p class=\"\" data-start=\"2187\" data-end=\"2357\">Du hast Fragen zum Glauben, brauchst ein offenes Ohr oder w\u00fcnschst dir ein pers\u00f6nliches Bibelstudium?<br data-start=\"2288\" data-end=\"2291\" \/>Wir nehmen uns gerne Zeit f\u00fcr dich \u2013 melde dich bei uns.<\/p>\n<hr class=\"\" data-start=\"2359\" data-end=\"2362\" \/>\n<p class=\"\" data-start=\"2364\" data-end=\"2375\"><strong data-start=\"2364\" data-end=\"2375\">Kontakt<\/strong><\/p>\n<p class=\"\" data-start=\"2364\" data-end=\"2375\"><strong data-start=\"2364\" data-end=\"2375\">\u2709\ufe0f <\/strong><a href=\"mailto:info@freiebaptistenkw.de\">info@freiebaptistenkw.de<\/a><br \/>\n\ud83d\udcde 03375 \/ 5698872<\/p>\n<p><a href=\"https:\/\/freiebaptistenkw.de\/index.php\/anmeldung-zum-bibelstudium\/\">Interesse am Bibelstudium? Jetzt anmelden<\/a><\/p>\n<p class=\"\" data-start=\"2421\" data-end=\"2519\">Oder sprich uns einfach am Sonntag nach dem Gottesdienst an \u2013 wir freuen uns, dich kennenzulernen!<\/p>\n","protected":false},"excerpt":{"rendered":"<p>Unsere Angebote Gemeinde bedeutet f\u00fcr uns Gemeinschaft im Alltag. Neben dem Gottesdienst am Sonntag bieten wir verschiedene Veranstaltungen an, bei denen man sich begegnen, gemeinsam lernen und den Glauben vertiefen kann. Wann die n\u00e4chsten Treffen genau stattfinden, erf\u00e4hrst du immer aktuell auf unserer Termine-Seite. Gottesdienst Jeden Sonntag um 11:00 Uhr Wir feiern gemeinsam Gottesdienst mit &hellip; <\/p>\n<p class=\"link-more\"><a href=\"https:\/\/freiebaptistenkw.de\/index.php\/veranstaltungen\/\" class=\"more-link\"><span class=\"screen-reader-text\">\u201eVeranstaltungen\u201c <\/span>weiterlesen<\/a><\/p>\n","protected":false},"author":1,"featured_media":0,"parent":0,"menu_order":0,"comment_status":"closed","ping_status":"closed","template":"","meta":{"footnotes":""},"class_list":["post-2089","page","type-page","status-publish","hentry"],"jetpack_sharing_enabled":true,"_links":{"self":[{"href":"https:\/\/freiebaptistenkw.de\/index.php\/wp-json\/wp\/v2\/pages\/2089","targetHints":{"allow":["GET"]}}],"collection":[{"href":"https:\/\/freiebaptistenkw.de\/index.php\/wp-json\/wp\/v2\/pages"}],"about":[{"href":"https:\/\/freiebaptistenkw.de\/index.php\/wp-json\/wp\/v2\/types\/page"}],"author":[{"embeddable":true,"href":"https:\/\/freiebaptistenkw.de\/index.php\/wp-json\/wp\/v2\/users\/1"}],"replies":[{"embeddable":true,"href":"https:\/\/freiebaptistenkw.de\/index.php\/wp-json\/wp\/v2\/comments?post=2089"}],"version-history":[{"count":7,"href":"https:\/\/freiebaptistenkw.de\/index.php\/wp-json\/wp\/v2\/pages\/2089\/revisions"}],"predecessor-version":[{"id":2419,"href":"https:\/\/freiebaptistenkw.de\/index.php\/wp-json\/wp\/v2\/pages\/2089\/revisions\/2419"}],"wp:attachment":[{"href":"https:\/\/freiebaptistenkw.de\/index.php\/wp-json\/wp\/v2\/media?parent=2089"}],"curies":[{"name":"wp","href":"https:\/\/api.w.org\/{rel}","templated":true}]}}