{"id":2094,"date":"2025-04-18T11:41:14","date_gmt":"2025-04-18T11:41:14","guid":{"rendered":"https:\/\/freiebaptistenkw.de\/?page_id=2094"},"modified":"2025-04-18T11:41:14","modified_gmt":"2025-04-18T11:41:14","slug":"gottesdienste-online","status":"publish","type":"page","link":"https:\/\/freiebaptistenkw.de\/index.php\/gottesdienste-online\/","title":{"rendered":"Gottesdienste Online"},"content":{"rendered":"<h1>Unser Gottesdienst \u2013 jetzt auch online erleben<\/h1>\n<p>Du m\u00f6chtest an einem Gottesdienst teilnehmen, kannst aber nicht vor Ort sein? Kein Problem! Wir laden dich herzlich ein, unsere Gottesdienste online mitzuerleben \u2013 ganz bequem von zuhause aus.<\/p>\n<p>Unsere Gottesdienste werden jeden Sonntag um 11:00 Uhr live \u00fcbertragen. Nimm live teil \u00fcber den folgenden Link oder schau dir den Gottesdienst sp\u00e4ter nach Belieben an.<\/p>\n\n                <div class=\"online-gottesdienst-wrapper\">\n                    <a class=\"gottesdienst-button\" href=\"https:\/\/youtube.com\/live\/vltjoUc_FG4?feature=share\" target=\"_blank\">\ud83d\udcfa Zum Livestream vom 12.04.2026<\/a>\n                <\/div>\n            \n<p class=\"\" data-start=\"439\" data-end=\"701\">Wenn dir unser Gottesdienst gef\u00e4llt, freuen wir uns \u00fcber ein &#8222;Gef\u00e4llt mir&#8220; und ein Abo. Nat\u00fcrlich bist du auch herzlich eingeladen, uns pers\u00f6nlich zu besuchen in der Friedrich-Engels-Stra\u00dfe 4, 15711 K\u00f6nigs Wusterhausen. Wir freuen uns darauf, dich dort zu sehen.<\/p>\n<p data-start=\"439\" data-end=\"701\">Neben unseren Gottesdiensten bieten wir auch ein Bibelstudium an, bei dem wir gemeinsam Gottes Wort besser kennenlernen und im Glauben wachsen m\u00f6chten.<\/p>\n<p data-start=\"439\" data-end=\"701\"><a class=\"\" href=\"https:\/\/freiebaptistenkw.de\/index.php\/anmeldung-zum-bibelstudium\/\" target=\"_new\" rel=\"noopener\" data-start=\"509\" data-end=\"620\">Hier geht\u2019s zur Anmeldung zum Bibelstudium<\/a><\/p>\n","protected":false},"excerpt":{"rendered":"<p>Unser Gottesdienst \u2013 jetzt auch online erleben Du m\u00f6chtest an einem Gottesdienst teilnehmen, kannst aber nicht vor Ort sein? Kein Problem! Wir laden dich herzlich ein, unsere Gottesdienste online mitzuerleben \u2013 ganz bequem von zuhause aus. Unsere Gottesdienste werden jeden Sonntag um 11:00 Uhr live \u00fcbertragen. Nimm live teil \u00fcber den folgenden Link oder schau &hellip; <\/p>\n<p class=\"link-more\"><a href=\"https:\/\/freiebaptistenkw.de\/index.php\/gottesdienste-online\/\" class=\"more-link\"><span class=\"screen-reader-text\">\u201eGottesdienste Online\u201c <\/span>weiterlesen<\/a><\/p>\n","protected":false},"author":1,"featured_media":0,"parent":0,"menu_order":0,"comment_status":"closed","ping_status":"closed","template":"","meta":{"footnotes":""},"class_list":["post-2094","page","type-page","status-publish","hentry"],"jetpack_sharing_enabled":true,"_links":{"self":[{"href":"https:\/\/freiebaptistenkw.de\/index.php\/wp-json\/wp\/v2\/pages\/2094","targetHints":{"allow":["GET"]}}],"collection":[{"href":"https:\/\/freiebaptistenkw.de\/index.php\/wp-json\/wp\/v2\/pages"}],"about":[{"href":"https:\/\/freiebaptistenkw.de\/index.php\/wp-json\/wp\/v2\/types\/page"}],"author":[{"embeddable":true,"href":"https:\/\/freiebaptistenkw.de\/index.php\/wp-json\/wp\/v2\/users\/1"}],"replies":[{"embeddable":true,"href":"https:\/\/freiebaptistenkw.de\/index.php\/wp-json\/wp\/v2\/comments?post=2094"}],"version-history":[{"count":1,"href":"https:\/\/freiebaptistenkw.de\/index.php\/wp-json\/wp\/v2\/pages\/2094\/revisions"}],"predecessor-version":[{"id":2095,"href":"https:\/\/freiebaptistenkw.de\/index.php\/wp-json\/wp\/v2\/pages\/2094\/revisions\/2095"}],"wp:attachment":[{"href":"https:\/\/freiebaptistenkw.de\/index.php\/wp-json\/wp\/v2\/media?parent=2094"}],"curies":[{"name":"wp","href":"https:\/\/api.w.org\/{rel}","templated":true}]}}