{"id":2141,"date":"2025-05-02T12:59:08","date_gmt":"2025-05-02T12:59:08","guid":{"rendered":"https:\/\/freiebaptistenkw.de\/?page_id=2141"},"modified":"2025-05-02T16:49:51","modified_gmt":"2025-05-02T16:49:51","slug":"kontakt-aufnehmen-oder-fragen-stellen","status":"publish","type":"page","link":"https:\/\/freiebaptistenkw.de\/index.php\/kontakt-aufnehmen-oder-fragen-stellen\/","title":{"rendered":"Kontakt aufnehmen oder Fragen stellen"},"content":{"rendered":"<h2>Kontakt aufnehmen oder Fragen stellen<\/h2>\n<p>Du hast Fragen zu einem Thema, das du auf unserer Seite oder in einem unserer Trakte gelesen hast? Oder m\u00f6chtest du einfach mit jemandem pers\u00f6nlich \u00fcber Glauben, Bibel oder Wissenschaft sprechen?<\/p>\n<p><strong>Dann melde dich gerne bei uns!<\/strong><\/p>\n<hr \/>\n<h3>\ud83d\udce7 Per E-Mail<\/h3>\n<p>Schreib uns einfach an: <a href=\"mailto:info@freiebaptistenkw.de\">info@freiebaptistenkw.de<\/a><\/p>\n<h3>\ud83d\udcde Pers\u00f6nliches Gespr\u00e4ch<\/h3>\n<p>Gerne vereinbaren wir einen Gespr\u00e4chstermin \u2013 pers\u00f6nlich, telefonisch oder online. Schreib uns daf\u00fcr einfach eine kurze Nachricht oder ruf uns an unter: 03375\/ 5 69 88 72 oder 0172 394 8303<\/p>\n<h3>\ud83d\udccd Besuch bei uns<\/h3>\n<p>Du bist herzlich eingeladen, unseren Gottesdienst oder eine Bibelstunde zu besuchen. Alle Infos findest du hier:<br \/>\n<a href=\"https:\/\/freiebaptistenkw.de\/index.php\/gottesdienste\/\">Gottesdienstzeiten<\/a> &amp; <a href=\"https:\/\/freiebaptistenkw.de\/index.php\/kontakt\/\">Anfahrt<\/a><\/p>\n<h3>Oder benutze das Formular unten<\/h3>\n<p>Hast du Fragen oder m\u00f6chtest du mit uns in Kontakt treten? F\u00fclle einfach das Formular aus, und wir werden uns zeitnah bei dir melden!<\/p>\n<form id=\"anmeldung-form\" action=\"\/wp-admin\/admin-post.php\" method=\"POST\"><input name=\"action\" type=\"hidden\" value=\"send_anmeldung_form\" \/><label for=\"name\">Vor- und Nachname *<\/label><br \/>\n<input id=\"name\" name=\"name\" required=\"\" type=\"text\" \/><label for=\"contact\">Kontaktinformation (E-Mail, Telefonnummer oder anderes) *<\/label><br \/>\n<input id=\"contact\" name=\"contact\" required=\"\" type=\"text\" \/><label for=\"message\">Ihre Nachricht oder Fragen (optional)<\/label><br \/>\n<textarea id=\"message\" name=\"message\" rows=\"4\"><\/textarea><!-- Honeypot to catch bots --><br \/>\n<input style=\"display: none;\" name=\"website\" type=\"text\" \/><button type=\"submit\">Absenden<\/button><\/form>\n<p><!-- Success Message (Initially Hidden) --><\/p>\n<div id=\"success-message\" style=\"display: none; margin-top: 10px; color: green;\"><strong>Vielen Dank! Ihre Anmeldung wurde erfolgreich gesendet.<\/strong><\/div>\n<p><script>\n  \/\/ Show success message if URL contains ?success=1\n  if (window.location.search.includes('success=1')) {\n    document.getElementById('success-message').style.display = 'block';\n  }\n<\/script><\/p>\n","protected":false},"excerpt":{"rendered":"<p>Kontakt aufnehmen oder Fragen stellen Du hast Fragen zu einem Thema, das du auf unserer Seite oder in einem unserer Trakte gelesen hast? Oder m\u00f6chtest du einfach mit jemandem pers\u00f6nlich \u00fcber Glauben, Bibel oder Wissenschaft sprechen? Dann melde dich gerne bei uns! \ud83d\udce7 Per E-Mail Schreib uns einfach an: info@freiebaptistenkw.de \ud83d\udcde Pers\u00f6nliches Gespr\u00e4ch Gerne vereinbaren &hellip; <\/p>\n<p class=\"link-more\"><a href=\"https:\/\/freiebaptistenkw.de\/index.php\/kontakt-aufnehmen-oder-fragen-stellen\/\" class=\"more-link\"><span class=\"screen-reader-text\">\u201eKontakt aufnehmen oder Fragen stellen\u201c <\/span>weiterlesen<\/a><\/p>\n","protected":false},"author":1,"featured_media":0,"parent":0,"menu_order":0,"comment_status":"closed","ping_status":"closed","template":"","meta":{"footnotes":""},"class_list":["post-2141","page","type-page","status-publish","hentry"],"jetpack_sharing_enabled":true,"_links":{"self":[{"href":"https:\/\/freiebaptistenkw.de\/index.php\/wp-json\/wp\/v2\/pages\/2141","targetHints":{"allow":["GET"]}}],"collection":[{"href":"https:\/\/freiebaptistenkw.de\/index.php\/wp-json\/wp\/v2\/pages"}],"about":[{"href":"https:\/\/freiebaptistenkw.de\/index.php\/wp-json\/wp\/v2\/types\/page"}],"author":[{"embeddable":true,"href":"https:\/\/freiebaptistenkw.de\/index.php\/wp-json\/wp\/v2\/users\/1"}],"replies":[{"embeddable":true,"href":"https:\/\/freiebaptistenkw.de\/index.php\/wp-json\/wp\/v2\/comments?post=2141"}],"version-history":[{"count":17,"href":"https:\/\/freiebaptistenkw.de\/index.php\/wp-json\/wp\/v2\/pages\/2141\/revisions"}],"predecessor-version":[{"id":2176,"href":"https:\/\/freiebaptistenkw.de\/index.php\/wp-json\/wp\/v2\/pages\/2141\/revisions\/2176"}],"wp:attachment":[{"href":"https:\/\/freiebaptistenkw.de\/index.php\/wp-json\/wp\/v2\/media?parent=2141"}],"curies":[{"name":"wp","href":"https:\/\/api.w.org\/{rel}","templated":true}]}}