{"id":39,"date":"2020-04-23T21:34:25","date_gmt":"2020-04-23T21:34:25","guid":{"rendered":"https:\/\/freiebaptistenkw.de\/?page_id=39"},"modified":"2025-04-19T15:20:09","modified_gmt":"2025-04-19T15:20:09","slug":"startseite-2","status":"publish","type":"page","link":"https:\/\/freiebaptistenkw.de\/","title":{"rendered":"Startseite"},"content":{"rendered":"<h1><strong>Willkommen bei der Freien Baptistengemeinde K\u00f6nigs Wusterhausen!<\/strong><\/h1>\n<p>Aus der Kraft des Heiligen Geistes heraus m\u00f6chten wir einander in br\u00fcderlicher Liebe begegnen, f\u00fcreinander beten und uns in Krankheit und Not gegenseitig unterst\u00fctzen.<\/p>\n<p>Zu unseren Grund\u00fcberzeugungen geh\u00f6rt nicht nur die Zugeh\u00f6rigkeit zu einer Kirche durch die Taufe, sondern vor allem der pers\u00f6nliche Glaube an Jesus Christus als unseren Erl\u00f6ser \u2013 und ein t\u00e4gliches Leben, das von diesem Glauben gepr\u00e4gt ist. Diese Botschaft m\u00f6chten wir mit anderen teilen.<\/p>\n<p>Unsere Gottesdienste sind offen, lebendig und bibelorientiert \u2013 Ausdruck unserer Sehnsucht nach der Begegnung mit Gott und der Gemeinschaft mit anderen Gl\u00e4ubigen.<\/p>\n<p class=\"\" data-start=\"1124\" data-end=\"1250\">Wenn Sie uns zun\u00e4chst besser kennenlernen m\u00f6chten, sind Sie herzlich eingeladen, unsere Gottesdienste im <a href=\"https:\/\/freiebaptistenkw.de\/index.php\/gottesdienste-online\/\">Livestream<\/a> anzusehen. So k\u00f6nnen Sie sich ganz unverbindlich einen Eindruck verschaffen.<\/p>\n<p class=\"\" data-start=\"1124\" data-end=\"1250\">Wir w\u00fcrden uns freuen, Sie einmal pers\u00f6nlich begr\u00fc\u00dfen zu d\u00fcrfen.<br data-start=\"1188\" data-end=\"1191\" \/>Kommen Sie gerne vorbei \u2013 Sie sind herzlich eingeladen!<\/p>\n<p>&nbsp;<\/p>\n<p>Seitenkopfbild von Yvonne Smith via <a href=\"https:\/\/von-smith.pixels.com\/\">https:\/\/von-smith.pixels.com\/<\/a><\/p>\n","protected":false},"excerpt":{"rendered":"<p>Willkommen bei der Freien Baptistengemeinde K\u00f6nigs Wusterhausen! Aus der Kraft des Heiligen Geistes heraus m\u00f6chten wir einander in br\u00fcderlicher Liebe begegnen, f\u00fcreinander beten und uns in Krankheit und Not gegenseitig unterst\u00fctzen. Zu unseren Grund\u00fcberzeugungen geh\u00f6rt nicht nur die Zugeh\u00f6rigkeit zu einer Kirche durch die Taufe, sondern vor allem der pers\u00f6nliche Glaube an Jesus Christus als &hellip; <\/p>\n<p class=\"link-more\"><a href=\"https:\/\/freiebaptistenkw.de\/\" class=\"more-link\"><span class=\"screen-reader-text\">\u201eStartseite\u201c <\/span>weiterlesen<\/a><\/p>\n","protected":false},"author":1,"featured_media":0,"parent":0,"menu_order":0,"comment_status":"closed","ping_status":"closed","template":"","meta":{"footnotes":""},"class_list":["post-39","page","type-page","status-publish","hentry"],"jetpack_sharing_enabled":true,"_links":{"self":[{"href":"https:\/\/freiebaptistenkw.de\/index.php\/wp-json\/wp\/v2\/pages\/39","targetHints":{"allow":["GET"]}}],"collection":[{"href":"https:\/\/freiebaptistenkw.de\/index.php\/wp-json\/wp\/v2\/pages"}],"about":[{"href":"https:\/\/freiebaptistenkw.de\/index.php\/wp-json\/wp\/v2\/types\/page"}],"author":[{"embeddable":true,"href":"https:\/\/freiebaptistenkw.de\/index.php\/wp-json\/wp\/v2\/users\/1"}],"replies":[{"embeddable":true,"href":"https:\/\/freiebaptistenkw.de\/index.php\/wp-json\/wp\/v2\/comments?post=39"}],"version-history":[{"count":10,"href":"https:\/\/freiebaptistenkw.de\/index.php\/wp-json\/wp\/v2\/pages\/39\/revisions"}],"predecessor-version":[{"id":2128,"href":"https:\/\/freiebaptistenkw.de\/index.php\/wp-json\/wp\/v2\/pages\/39\/revisions\/2128"}],"wp:attachment":[{"href":"https:\/\/freiebaptistenkw.de\/index.php\/wp-json\/wp\/v2\/media?parent=39"}],"curies":[{"name":"wp","href":"https:\/\/api.w.org\/{rel}","templated":true}]}}