{"id":60,"date":"2020-04-23T22:05:59","date_gmt":"2020-04-23T22:05:59","guid":{"rendered":"https:\/\/freiebaptistenkw.de\/?page_id=60"},"modified":"2024-05-07T06:18:35","modified_gmt":"2024-05-07T06:18:35","slug":"impressum","status":"publish","type":"page","link":"https:\/\/freiebaptistenkw.de\/index.php\/impressum\/","title":{"rendered":"Impressum"},"content":{"rendered":"<h1>Impressum<\/h1>\n<h2>Angaben gem\u00e4\u00df \u00a7 5 TMG<\/h2>\n<p>Freie Baptistengemeinde K\u00f6nigs Wusterhausen e.V.<br \/>\nFriedrich-Engels-Stra\u00dfe 4<br \/>\n15711 K\u00f6nigs Wusterhausen<\/p>\n<p>Vereinsregister: VR 5722<br \/>\nRegistergericht: Amtsgericht Cottbus<\/p>\n<p><strong>Vertreten durch:<\/strong><br \/>\nMichael Talley<br \/>\nPhilipp Sommer<\/p>\n<h2>Kontakt<\/h2>\n<p>Telefon: 03375\/ 5 69 88 72<br \/>\nE-Mail: <a href=\"mailto:info@freiebaptistenkw.de\">info@freiebaptistenkw.de<\/a><\/p>\n<h2>Verbraucher\u00adstreit\u00adbeilegung\/Universal\u00adschlichtungs\u00adstelle<\/h2>\n<p>Wir sind nicht bereit oder verpflichtet, an Streitbeilegungsverfahren vor einer Verbraucherschlichtungsstelle teilzunehmen.<\/p>\n<p>Quelle: <a href=\"https:\/\/www.e-recht24.de\">eRecht24<\/a><\/p>\n<p>Seitenkopfbild von Yvonne Smith via <a href=\"https:\/\/von-smith.pixels.com\/\">https:\/\/von-smith.pixels.com\/<\/a><\/p>\n","protected":false},"excerpt":{"rendered":"<p>Impressum Angaben gem\u00e4\u00df \u00a7 5 TMG Freie Baptistengemeinde K\u00f6nigs Wusterhausen e.V. Friedrich-Engels-Stra\u00dfe 4 15711 K\u00f6nigs Wusterhausen Vereinsregister: VR 5722 Registergericht: Amtsgericht Cottbus Vertreten durch: Michael Talley Philipp Sommer Kontakt Telefon: 03375\/ 5 69 88 72 E-Mail: info@freiebaptistenkw.de Verbraucher\u00adstreit\u00adbeilegung\/Universal\u00adschlichtungs\u00adstelle Wir sind nicht bereit oder verpflichtet, an Streitbeilegungsverfahren vor einer Verbraucherschlichtungsstelle teilzunehmen. Quelle: eRecht24 Seitenkopfbild von Yvonne &hellip; <\/p>\n<p class=\"link-more\"><a href=\"https:\/\/freiebaptistenkw.de\/index.php\/impressum\/\" class=\"more-link\"><span class=\"screen-reader-text\">\u201eImpressum\u201c <\/span>weiterlesen<\/a><\/p>\n","protected":false},"author":1,"featured_media":0,"parent":0,"menu_order":0,"comment_status":"closed","ping_status":"closed","template":"","meta":{"footnotes":""},"class_list":["post-60","page","type-page","status-publish","hentry"],"jetpack_sharing_enabled":true,"_links":{"self":[{"href":"https:\/\/freiebaptistenkw.de\/index.php\/wp-json\/wp\/v2\/pages\/60","targetHints":{"allow":["GET"]}}],"collection":[{"href":"https:\/\/freiebaptistenkw.de\/index.php\/wp-json\/wp\/v2\/pages"}],"about":[{"href":"https:\/\/freiebaptistenkw.de\/index.php\/wp-json\/wp\/v2\/types\/page"}],"author":[{"embeddable":true,"href":"https:\/\/freiebaptistenkw.de\/index.php\/wp-json\/wp\/v2\/users\/1"}],"replies":[{"embeddable":true,"href":"https:\/\/freiebaptistenkw.de\/index.php\/wp-json\/wp\/v2\/comments?post=60"}],"version-history":[{"count":6,"href":"https:\/\/freiebaptistenkw.de\/index.php\/wp-json\/wp\/v2\/pages\/60\/revisions"}],"predecessor-version":[{"id":1781,"href":"https:\/\/freiebaptistenkw.de\/index.php\/wp-json\/wp\/v2\/pages\/60\/revisions\/1781"}],"wp:attachment":[{"href":"https:\/\/freiebaptistenkw.de\/index.php\/wp-json\/wp\/v2\/media?parent=60"}],"curies":[{"name":"wp","href":"https:\/\/api.w.org\/{rel}","templated":true}]}}